{"id":10,"date":"2021-01-02T10:12:19","date_gmt":"2021-01-02T10:12:19","guid":{"rendered":"http:\/\/www.langirtistanbul.com\/?page_id=10"},"modified":"2021-01-02T10:42:41","modified_gmt":"2021-01-02T10:42:41","slug":"web-sitenizi-bloklar-ile-olusturun","status":"publish","type":"page","link":"https:\/\/www.langirtistanbul.com\/index.php\/web-sitenizi-bloklar-ile-olusturun\/","title":{"rendered":"EV T\u0130P\u0130 LANG\u0130RT MASALARI"},"content":{"rendered":"\n<div class=\"wp-block-columns alignwide are-vertically-aligned-center is-style-twentytwentyone-columns-overlap is-layout-flex wp-container-core-columns-is-layout-9d6595d7 wp-block-columns-is-layout-flex\">\n<div class=\"wp-block-column is-vertically-aligned-center is-layout-flow wp-block-column-is-layout-flow\">\n<div class=\"wp-block-group\"><div class=\"wp-block-group__inner-container is-layout-flow wp-block-group-is-layout-flow\">\n<div class=\"wp-block-columns is-layout-flex wp-container-core-columns-is-layout-9d6595d7 wp-block-columns-is-layout-flex\">\n<div class=\"wp-block-column is-layout-flow wp-block-column-is-layout-flow\" style=\"flex-basis:100%\">\n<div class=\"wp-block-columns is-layout-flex wp-container-core-columns-is-layout-9d6595d7 wp-block-columns-is-layout-flex\">\n<div class=\"wp-block-column is-layout-flow wp-block-column-is-layout-flow\" style=\"flex-basis:100%\">\n<div class=\"wp-block-jetpack-tiled-gallery aligncenter is-style-rectangular\"><div class=\"tiled-gallery__gallery\"><div class=\"tiled-gallery__row\"><div class=\"tiled-gallery__col\" style=\"flex-basis:68.90808612892508%\"><figure class=\"tiled-gallery__item\"><img decoding=\"async\" srcset=\"https:\/\/i0.wp.com\/www.langirtistanbul.com\/wp-content\/uploads\/2021\/01\/7fd9f393-86c9-4804-b0c0-eaf17bed05d3-1.jpg?strip=info&#038;w=600 600w,https:\/\/i0.wp.com\/www.langirtistanbul.com\/wp-content\/uploads\/2021\/01\/7fd9f393-86c9-4804-b0c0-eaf17bed05d3-1.jpg?strip=info&#038;w=900 900w,https:\/\/i0.wp.com\/www.langirtistanbul.com\/wp-content\/uploads\/2021\/01\/7fd9f393-86c9-4804-b0c0-eaf17bed05d3-1.jpg?strip=info&#038;w=1200 1200w,https:\/\/i0.wp.com\/www.langirtistanbul.com\/wp-content\/uploads\/2021\/01\/7fd9f393-86c9-4804-b0c0-eaf17bed05d3-1.jpg?strip=info&#038;w=1223 1223w\" alt=\"\" data-height=\"1056\" data-id=\"138\" data-link=\"http:\/\/www.langirtistanbul.com\/index.php\/web-sitenizi-bloklar-ile-olusturun\/7fd9f393-86c9-4804-b0c0-eaf17bed05d3-1\/\" data-url=\"http:\/\/www.langirtistanbul.com\/wp-content\/uploads\/2021\/01\/7fd9f393-86c9-4804-b0c0-eaf17bed05d3-1.jpg\" data-width=\"1223\" src=\"https:\/\/i0.wp.com\/www.langirtistanbul.com\/wp-content\/uploads\/2021\/01\/7fd9f393-86c9-4804-b0c0-eaf17bed05d3-1.jpg\" layout=\"responsive\"\/><\/figure><\/div><div class=\"tiled-gallery__col\" style=\"flex-basis:31.09191387107491%\"><figure class=\"tiled-gallery__item\"><img decoding=\"async\" srcset=\"https:\/\/i1.wp.com\/www.langirtistanbul.com\/wp-content\/uploads\/2021\/01\/EV_OFIS_TIPI_LANGIRT_MASASI___19_-500x500-removebg-preview-2.jpg?strip=info&#038;w=500 500w\" alt=\"\" data-height=\"500\" data-id=\"134\" data-link=\"http:\/\/www.langirtistanbul.com\/index.php\/web-sitenizi-bloklar-ile-olusturun\/ev_ofis_tipi_langirt_masasi___19_-500x500-removebg-preview-2\/\" data-url=\"http:\/\/www.langirtistanbul.com\/wp-content\/uploads\/2021\/01\/EV_OFIS_TIPI_LANGIRT_MASASI___19_-500x500-removebg-preview-2.jpg\" data-width=\"500\" src=\"https:\/\/i1.wp.com\/www.langirtistanbul.com\/wp-content\/uploads\/2021\/01\/EV_OFIS_TIPI_LANGIRT_MASASI___19_-500x500-removebg-preview-2.jpg\" layout=\"responsive\"\/><\/figure><figure class=\"tiled-gallery__item\"><img decoding=\"async\" srcset=\"https:\/\/i2.wp.com\/www.langirtistanbul.com\/wp-content\/uploads\/2021\/01\/104ad0ea-27e8-4a19-8bdf-f48c66d4987c-1.jpg?strip=info&#038;w=600 600w,https:\/\/i2.wp.com\/www.langirtistanbul.com\/wp-content\/uploads\/2021\/01\/104ad0ea-27e8-4a19-8bdf-f48c66d4987c-1.jpg?strip=info&#038;w=900 900w,https:\/\/i2.wp.com\/www.langirtistanbul.com\/wp-content\/uploads\/2021\/01\/104ad0ea-27e8-4a19-8bdf-f48c66d4987c-1.jpg?strip=info&#038;w=1200 1200w,https:\/\/i2.wp.com\/www.langirtistanbul.com\/wp-content\/uploads\/2021\/01\/104ad0ea-27e8-4a19-8bdf-f48c66d4987c-1.jpg?strip=info&#038;w=1242 1242w\" alt=\"\" data-height=\"1123\" data-id=\"141\" data-link=\"http:\/\/www.langirtistanbul.com\/index.php\/web-sitenizi-bloklar-ile-olusturun\/104ad0ea-27e8-4a19-8bdf-f48c66d4987c-1\/\" data-url=\"http:\/\/www.langirtistanbul.com\/wp-content\/uploads\/2021\/01\/104ad0ea-27e8-4a19-8bdf-f48c66d4987c-1.jpg\" data-width=\"1242\" src=\"https:\/\/i2.wp.com\/www.langirtistanbul.com\/wp-content\/uploads\/2021\/01\/104ad0ea-27e8-4a19-8bdf-f48c66d4987c-1.jpg\" layout=\"responsive\"\/><\/figure><\/div><\/div><div class=\"tiled-gallery__row\"><div class=\"tiled-gallery__col\" style=\"flex-basis:27.205569513729422%\"><figure class=\"tiled-gallery__item\"><img decoding=\"async\" srcset=\"https:\/\/i0.wp.com\/www.langirtistanbul.com\/wp-content\/uploads\/2021\/01\/a02b2e16-ce98-4318-a3d0-9ad01da2876f-1-1.jpg?strip=info&#038;w=574 574w\" alt=\"\" data-height=\"574\" data-id=\"142\" data-link=\"http:\/\/www.langirtistanbul.com\/index.php\/web-sitenizi-bloklar-ile-olusturun\/a02b2e16-ce98-4318-a3d0-9ad01da2876f-1-1\/\" data-url=\"http:\/\/www.langirtistanbul.com\/wp-content\/uploads\/2021\/01\/a02b2e16-ce98-4318-a3d0-9ad01da2876f-1-1.jpg\" data-width=\"574\" src=\"https:\/\/i0.wp.com\/www.langirtistanbul.com\/wp-content\/uploads\/2021\/01\/a02b2e16-ce98-4318-a3d0-9ad01da2876f-1-1.jpg\" layout=\"responsive\"\/><\/figure><figure class=\"tiled-gallery__item\"><img decoding=\"async\" srcset=\"https:\/\/i0.wp.com\/www.langirtistanbul.com\/wp-content\/uploads\/2021\/01\/a086257b-8081-4e0f-bdec-7320ef425799-1.jpg?strip=info&#038;w=574 574w\" alt=\"\" data-height=\"574\" data-id=\"143\" data-link=\"http:\/\/www.langirtistanbul.com\/index.php\/web-sitenizi-bloklar-ile-olusturun\/a086257b-8081-4e0f-bdec-7320ef425799-1\/\" data-url=\"http:\/\/www.langirtistanbul.com\/wp-content\/uploads\/2021\/01\/a086257b-8081-4e0f-bdec-7320ef425799-1.jpg\" data-width=\"574\" src=\"https:\/\/i0.wp.com\/www.langirtistanbul.com\/wp-content\/uploads\/2021\/01\/a086257b-8081-4e0f-bdec-7320ef425799-1.jpg\" layout=\"responsive\"\/><\/figure><\/div><div class=\"tiled-gallery__col\" style=\"flex-basis:72.79443048627057%\"><figure class=\"tiled-gallery__item\"><img decoding=\"async\" srcset=\"https:\/\/i0.wp.com\/www.langirtistanbul.com\/wp-content\/uploads\/2021\/01\/IMG_8590-removebg-preview-removebg-preview-2.png?strip=info&#038;w=577 577w\" alt=\"\" data-height=\"433\" data-id=\"135\" data-link=\"http:\/\/www.langirtistanbul.com\/index.php\/web-sitenizi-bloklar-ile-olusturun\/img_8590-removebg-preview-removebg-preview-2\/\" data-url=\"http:\/\/www.langirtistanbul.com\/wp-content\/uploads\/2021\/01\/IMG_8590-removebg-preview-removebg-preview-2.png\" data-width=\"577\" src=\"https:\/\/i0.wp.com\/www.langirtistanbul.com\/wp-content\/uploads\/2021\/01\/IMG_8590-removebg-preview-removebg-preview-2.png\" layout=\"responsive\"\/><\/figure><\/div><\/div><div class=\"tiled-gallery__row\"><div class=\"tiled-gallery__col\" style=\"flex-basis:42.89909198927764%\"><figure class=\"tiled-gallery__item\"><img decoding=\"async\" srcset=\"https:\/\/i1.wp.com\/www.langirtistanbul.com\/wp-content\/uploads\/2021\/01\/ev-ofis-tipi-langirt-free-masasi-1.jpg?strip=info&#038;w=574 574w\" alt=\"\" data-height=\"574\" data-id=\"148\" data-link=\"http:\/\/www.langirtistanbul.com\/index.php\/web-sitenizi-bloklar-ile-olusturun\/ev-ofis-tipi-langirt-free-masasi-1\/\" data-url=\"http:\/\/www.langirtistanbul.com\/wp-content\/uploads\/2021\/01\/ev-ofis-tipi-langirt-free-masasi-1.jpg\" data-width=\"574\" src=\"https:\/\/i1.wp.com\/www.langirtistanbul.com\/wp-content\/uploads\/2021\/01\/ev-ofis-tipi-langirt-free-masasi-1.jpg\" layout=\"responsive\"\/><\/figure><\/div><div class=\"tiled-gallery__col\" style=\"flex-basis:57.10090801072234%\"><figure class=\"tiled-gallery__item\"><img decoding=\"async\" srcset=\"https:\/\/i2.wp.com\/www.langirtistanbul.com\/wp-content\/uploads\/2021\/01\/ofis-langirt-masasi-3.png?strip=info&#038;w=577 577w\" alt=\"\" data-height=\"433\" data-id=\"136\" data-link=\"http:\/\/www.langirtistanbul.com\/index.php\/web-sitenizi-bloklar-ile-olusturun\/ofis-langirt-masasi-3\/\" data-url=\"http:\/\/www.langirtistanbul.com\/wp-content\/uploads\/2021\/01\/ofis-langirt-masasi-3.png\" data-width=\"577\" src=\"https:\/\/i2.wp.com\/www.langirtistanbul.com\/wp-content\/uploads\/2021\/01\/ofis-langirt-masasi-3.png\" layout=\"responsive\"\/><\/figure><\/div><\/div><div class=\"tiled-gallery__row\"><div class=\"tiled-gallery__col\" style=\"flex-basis:53.52363767954855%\"><figure class=\"tiled-gallery__item\"><img decoding=\"async\" srcset=\"https:\/\/i2.wp.com\/www.langirtistanbul.com\/wp-content\/uploads\/2021\/01\/kapali-sistem-ev-ofis-tipi-langirt-1.jpg?strip=info&#038;w=577 577w\" alt=\"\" data-height=\"433\" data-id=\"133\" data-link=\"http:\/\/www.langirtistanbul.com\/index.php\/web-sitenizi-bloklar-ile-olusturun\/kapali-sistem-ev-ofis-tipi-langirt-1\/\" data-url=\"http:\/\/www.langirtistanbul.com\/wp-content\/uploads\/2021\/01\/kapali-sistem-ev-ofis-tipi-langirt-1.jpg\" data-width=\"577\" src=\"https:\/\/i2.wp.com\/www.langirtistanbul.com\/wp-content\/uploads\/2021\/01\/kapali-sistem-ev-ofis-tipi-langirt-1.jpg\" layout=\"responsive\"\/><\/figure><\/div><div class=\"tiled-gallery__col\" style=\"flex-basis:46.47636232045144%\"><figure class=\"tiled-gallery__item\"><img decoding=\"async\" srcset=\"https:\/\/i0.wp.com\/www.langirtistanbul.com\/wp-content\/uploads\/2021\/01\/dc14781f-e1e7-4117-b50c-f7e396bd28ae-1.jpg?strip=info&#038;w=600 600w,https:\/\/i0.wp.com\/www.langirtistanbul.com\/wp-content\/uploads\/2021\/01\/dc14781f-e1e7-4117-b50c-f7e396bd28ae-1.jpg?strip=info&#038;w=900 900w,https:\/\/i0.wp.com\/www.langirtistanbul.com\/wp-content\/uploads\/2021\/01\/dc14781f-e1e7-4117-b50c-f7e396bd28ae-1.jpg?strip=info&#038;w=1200 1200w,https:\/\/i0.wp.com\/www.langirtistanbul.com\/wp-content\/uploads\/2021\/01\/dc14781f-e1e7-4117-b50c-f7e396bd28ae-1.jpg?strip=info&#038;w=1242 1242w\" alt=\"\" data-height=\"1074\" data-id=\"144\" data-link=\"http:\/\/www.langirtistanbul.com\/index.php\/web-sitenizi-bloklar-ile-olusturun\/dc14781f-e1e7-4117-b50c-f7e396bd28ae-1\/\" data-url=\"http:\/\/www.langirtistanbul.com\/wp-content\/uploads\/2021\/01\/dc14781f-e1e7-4117-b50c-f7e396bd28ae-1.jpg\" data-width=\"1242\" src=\"https:\/\/i0.wp.com\/www.langirtistanbul.com\/wp-content\/uploads\/2021\/01\/dc14781f-e1e7-4117-b50c-f7e396bd28ae-1.jpg\" layout=\"responsive\"\/><\/figure><\/div><\/div><div class=\"tiled-gallery__row\"><div class=\"tiled-gallery__col\" style=\"flex-basis:49.45678850317854%\"><figure class=\"tiled-gallery__item\"><img decoding=\"async\" srcset=\"https:\/\/i0.wp.com\/www.langirtistanbul.com\/wp-content\/uploads\/2021\/01\/luks-ozel-tasarim-langirt-masasi-1-4.jpg?strip=info&#038;w=600 600w,https:\/\/i0.wp.com\/www.langirtistanbul.com\/wp-content\/uploads\/2021\/01\/luks-ozel-tasarim-langirt-masasi-1-4.jpg?strip=info&#038;w=900 900w,https:\/\/i0.wp.com\/www.langirtistanbul.com\/wp-content\/uploads\/2021\/01\/luks-ozel-tasarim-langirt-masasi-1-4.jpg?strip=info&#038;w=1200 1200w,https:\/\/i0.wp.com\/www.langirtistanbul.com\/wp-content\/uploads\/2021\/01\/luks-ozel-tasarim-langirt-masasi-1-4.jpg?strip=info&#038;w=1214 1214w\" alt=\"\" data-height=\"1015\" data-id=\"145\" data-link=\"http:\/\/www.langirtistanbul.com\/index.php\/web-sitenizi-bloklar-ile-olusturun\/luks-ozel-tasarim-langirt-masasi-1-4\/\" data-url=\"http:\/\/www.langirtistanbul.com\/wp-content\/uploads\/2021\/01\/luks-ozel-tasarim-langirt-masasi-1-4.jpg\" data-width=\"1214\" src=\"https:\/\/i0.wp.com\/www.langirtistanbul.com\/wp-content\/uploads\/2021\/01\/luks-ozel-tasarim-langirt-masasi-1-4.jpg\" layout=\"responsive\"\/><\/figure><\/div><div class=\"tiled-gallery__col\" style=\"flex-basis:50.54321149682147%\"><figure class=\"tiled-gallery__item\"><img decoding=\"async\" srcset=\"https:\/\/i1.wp.com\/www.langirtistanbul.com\/wp-content\/uploads\/2021\/01\/cd379bfa-0909-4912-bff8-d51953ac40b1-1.jpg?strip=info&#038;w=600 600w,https:\/\/i1.wp.com\/www.langirtistanbul.com\/wp-content\/uploads\/2021\/01\/cd379bfa-0909-4912-bff8-d51953ac40b1-1.jpg?strip=info&#038;w=900 900w,https:\/\/i1.wp.com\/www.langirtistanbul.com\/wp-content\/uploads\/2021\/01\/cd379bfa-0909-4912-bff8-d51953ac40b1-1.jpg?strip=info&#038;w=1200 1200w,https:\/\/i1.wp.com\/www.langirtistanbul.com\/wp-content\/uploads\/2021\/01\/cd379bfa-0909-4912-bff8-d51953ac40b1-1.jpg?strip=info&#038;w=1242 1242w\" alt=\"\" data-height=\"1016\" data-id=\"147\" data-link=\"http:\/\/www.langirtistanbul.com\/index.php\/web-sitenizi-bloklar-ile-olusturun\/cd379bfa-0909-4912-bff8-d51953ac40b1-1\/\" data-url=\"http:\/\/www.langirtistanbul.com\/wp-content\/uploads\/2021\/01\/cd379bfa-0909-4912-bff8-d51953ac40b1-1.jpg\" data-width=\"1242\" src=\"https:\/\/i1.wp.com\/www.langirtistanbul.com\/wp-content\/uploads\/2021\/01\/cd379bfa-0909-4912-bff8-d51953ac40b1-1.jpg\" layout=\"responsive\"\/><\/figure><\/div><\/div><div class=\"tiled-gallery__row\"><div class=\"tiled-gallery__col\" style=\"flex-basis:70.0186518194571%\"><figure class=\"tiled-gallery__item\"><img decoding=\"async\" srcset=\"https:\/\/i0.wp.com\/www.langirtistanbul.com\/wp-content\/uploads\/2021\/01\/IMG_0190-removebg-preview.png?strip=info&#038;w=458 458w\" alt=\"\" data-height=\"545\" data-id=\"150\" data-link=\"http:\/\/www.langirtistanbul.com\/index.php\/web-sitenizi-bloklar-ile-olusturun\/img_0190-removebg-preview\/\" data-url=\"http:\/\/www.langirtistanbul.com\/wp-content\/uploads\/2021\/01\/IMG_0190-removebg-preview.png\" data-width=\"458\" src=\"https:\/\/i0.wp.com\/www.langirtistanbul.com\/wp-content\/uploads\/2021\/01\/IMG_0190-removebg-preview.png\" layout=\"responsive\"\/><\/figure><\/div><div class=\"tiled-gallery__col\" style=\"flex-basis:29.981348180542884%\"><figure class=\"tiled-gallery__item\"><img decoding=\"async\" srcset=\"https:\/\/i1.wp.com\/www.langirtistanbul.com\/wp-content\/uploads\/2021\/01\/unnamed-2.jpg?strip=info&#038;w=500 500w\" alt=\"\" data-height=\"500\" data-id=\"151\" data-link=\"http:\/\/www.langirtistanbul.com\/index.php\/web-sitenizi-bloklar-ile-olusturun\/unnamed-2\/\" data-url=\"http:\/\/www.langirtistanbul.com\/wp-content\/uploads\/2021\/01\/unnamed-2.jpg\" data-width=\"500\" src=\"https:\/\/i1.wp.com\/www.langirtistanbul.com\/wp-content\/uploads\/2021\/01\/unnamed-2.jpg\" layout=\"responsive\"\/><\/figure><figure class=\"tiled-gallery__item\"><img decoding=\"async\" srcset=\"https:\/\/i1.wp.com\/www.langirtistanbul.com\/wp-content\/uploads\/2021\/01\/IMG_8126.jpg?strip=info&#038;w=228 228w\" alt=\"\" data-height=\"228\" data-id=\"152\" data-link=\"http:\/\/www.langirtistanbul.com\/index.php\/web-sitenizi-bloklar-ile-olusturun\/img_8126\/\" data-url=\"http:\/\/www.langirtistanbul.com\/wp-content\/uploads\/2021\/01\/IMG_8126.jpg\" data-width=\"228\" src=\"https:\/\/i1.wp.com\/www.langirtistanbul.com\/wp-content\/uploads\/2021\/01\/IMG_8126.jpg\" layout=\"responsive\"\/><\/figure><figure class=\"tiled-gallery__item\"><img decoding=\"async\" srcset=\"https:\/\/i0.wp.com\/www.langirtistanbul.com\/wp-content\/uploads\/2021\/01\/ev-icin-langirt-masasi-istanbul-langirt.jpg?strip=info&#038;w=499 499w\" alt=\"\" data-height=\"377\" data-id=\"155\" data-link=\"http:\/\/www.langirtistanbul.com\/index.php\/web-sitenizi-bloklar-ile-olusturun\/ev-icin-langirt-masasi-istanbul-langirt\/\" data-url=\"http:\/\/www.langirtistanbul.com\/wp-content\/uploads\/2021\/01\/ev-icin-langirt-masasi-istanbul-langirt.jpg\" data-width=\"499\" src=\"https:\/\/i0.wp.com\/www.langirtistanbul.com\/wp-content\/uploads\/2021\/01\/ev-icin-langirt-masasi-istanbul-langirt.jpg\" layout=\"responsive\"\/><\/figure><\/div><\/div><div class=\"tiled-gallery__row\"><div class=\"tiled-gallery__col\" style=\"flex-basis:100%\"><figure class=\"tiled-gallery__item\"><img decoding=\"async\" srcset=\"https:\/\/i0.wp.com\/www.langirtistanbul.com\/wp-content\/uploads\/2021\/01\/TSJW6347.jpg?strip=info&#038;w=600 600w,https:\/\/i0.wp.com\/www.langirtistanbul.com\/wp-content\/uploads\/2021\/01\/TSJW6347.jpg?strip=info&#038;w=900 900w,https:\/\/i0.wp.com\/www.langirtistanbul.com\/wp-content\/uploads\/2021\/01\/TSJW6347.jpg?strip=info&#038;w=1200 1200w,https:\/\/i0.wp.com\/www.langirtistanbul.com\/wp-content\/uploads\/2021\/01\/TSJW6347.jpg?strip=info&#038;w=1264 1264w\" alt=\"\" data-height=\"1264\" data-id=\"156\" data-link=\"http:\/\/www.langirtistanbul.com\/index.php\/web-sitenizi-bloklar-ile-olusturun\/tsjw6347\/\" data-url=\"http:\/\/www.langirtistanbul.com\/wp-content\/uploads\/2021\/01\/TSJW6347.jpg\" data-width=\"1264\" src=\"https:\/\/i0.wp.com\/www.langirtistanbul.com\/wp-content\/uploads\/2021\/01\/TSJW6347.jpg\" layout=\"responsive\"\/><\/figure><\/div><\/div><\/div><\/div>\n<\/div>\n<\/div>\n<\/div>\n<\/div>\n<\/div><\/div>\n\n\n\n<div style=\"height:100px\" aria-hidden=\"true\" class=\"wp-block-spacer\"><\/div>\n<\/div>\n<\/div>\n\n\n\n<div style=\"height:50px\" aria-hidden=\"true\" class=\"wp-block-spacer\"><\/div>\n\n\n\n<div class=\"wp-block-columns alignwide are-vertically-aligned-top is-layout-flex wp-container-core-columns-is-layout-9d6595d7 wp-block-columns-is-layout-flex\">\n<div class=\"wp-block-column is-vertically-aligned-top is-layout-flow wp-block-column-is-layout-flow\">\n<h3 class=\"wp-block-heading\">Ev Tipi Langirt<\/h3>\n\n\n\n<p>\u0130stanbul lang\u0131rt Fabrikas\u0131  ev tipi lang\u0131rt Masas\u0131 Evinize uygun tasarlanm\u0131\u015f renk ve modellerde \u00fcretilen  lang\u0131rt masalar\u0131 <\/p>\n\n\n\n<p><\/p>\n<\/div>\n\n\n\n<div class=\"wp-block-column is-vertically-aligned-top is-layout-flow wp-block-column-is-layout-flow\">\n<h3 class=\"wp-block-heading\">Kargo ve G\u00fcvenli al\u0131\u015fveri\u015f <\/h3>\n\n\n\n<p>\u0130stanbul langirt fabrikas\u0131ndan ald\u0131\u011f\u0131n\u0131z \u00fcr\u00fcnler ayn\u0131 g\u00fcn kargolan\u0131r  sipari\u015finizi 05325471301 whatssap numaras\u0131ndan veya online olarak <a href=\"http:\/\/www.langirtin.com\" data-type=\"URL\" data-id=\"www.langirtin.com\" target=\"_blank\" rel=\"noreferrer noopener\">www.langirtin.com <\/a>&#8216;dan verebilirsiniz <\/p>\n<\/div>\n\n\n\n<div class=\"wp-block-column is-vertically-aligned-top is-layout-flow wp-block-column-is-layout-flow\">\n<h3 class=\"wp-block-heading\">Profesyonel lang\u0131rt \u00d6l\u00e7\u00fcler ve A\u011f\u0131rl\u0131k <\/h3>\n\n\n\n<p>D\u00fcnya Standartlar\u0131nda ev tipi  lang\u0131rt \u00f6l\u00e7\u00fclerimiz \u00d6l\u00e7\u00fcler:<\/p>\n\n\n\n<p>Masan\u0131n a\u011f\u0131rl\u0131\u011f\u0131 Caml\u0131 60 kg  Cams\u0131z 50 kg <\/p>\n\n\n\n<p>D\u0131\u015f Kasa 135cm x 80cm, <\/p>\n\n\n\n<p>Oyun Alani 110cm x 70cm Yerden Y\u00fckseklik 90cm<\/p>\n<\/div>\n<\/div>\n","protected":false},"excerpt":{"rendered":"<p>Ev Tipi Langirt \u0130stanbul lang\u0131rt Fabrikas\u0131 ev tipi lang\u0131rt Masas\u0131 Evinize uygun tasarlanm\u0131\u015f renk ve modellerde \u00fcretilen lang\u0131rt masalar\u0131 Kargo ve G\u00fcvenli al\u0131\u015fveri\u015f \u0130stanbul langirt fabrikas\u0131ndan ald\u0131\u011f\u0131n\u0131z \u00fcr\u00fcnler ayn\u0131 g\u00fcn kargolan\u0131r sipari\u015finizi 05325471301 whatssap numaras\u0131ndan veya online olarak www.langirtin.com &#8216;dan verebilirsiniz Profesyonel lang\u0131rt \u00d6l\u00e7\u00fcler ve A\u011f\u0131rl\u0131k D\u00fcnya Standartlar\u0131nda ev tipi lang\u0131rt \u00f6l\u00e7\u00fclerimiz \u00d6l\u00e7\u00fcler: Masan\u0131n a\u011f\u0131rl\u0131\u011f\u0131 [&hellip;]<\/p>\n","protected":false},"author":1,"featured_media":0,"parent":0,"menu_order":0,"comment_status":"closed","ping_status":"closed","template":"","meta":{"footnotes":""},"class_list":["post-10","page","type-page","status-publish","hentry"],"jetpack_sharing_enabled":true,"_links":{"self":[{"href":"https:\/\/www.langirtistanbul.com\/index.php\/wp-json\/wp\/v2\/pages\/10","targetHints":{"allow":["GET"]}}],"collection":[{"href":"https:\/\/www.langirtistanbul.com\/index.php\/wp-json\/wp\/v2\/pages"}],"about":[{"href":"https:\/\/www.langirtistanbul.com\/index.php\/wp-json\/wp\/v2\/types\/page"}],"author":[{"embeddable":true,"href":"https:\/\/www.langirtistanbul.com\/index.php\/wp-json\/wp\/v2\/users\/1"}],"replies":[{"embeddable":true,"href":"https:\/\/www.langirtistanbul.com\/index.php\/wp-json\/wp\/v2\/comments?post=10"}],"version-history":[{"count":20,"href":"https:\/\/www.langirtistanbul.com\/index.php\/wp-json\/wp\/v2\/pages\/10\/revisions"}],"predecessor-version":[{"id":164,"href":"https:\/\/www.langirtistanbul.com\/index.php\/wp-json\/wp\/v2\/pages\/10\/revisions\/164"}],"wp:attachment":[{"href":"https:\/\/www.langirtistanbul.com\/index.php\/wp-json\/wp\/v2\/media?parent=10"}],"curies":[{"name":"wp","href":"https:\/\/api.w.org\/{rel}","templated":true}]}}