{"id":11,"date":"2021-01-02T06:37:30","date_gmt":"2021-01-02T06:37:30","guid":{"rendered":"http:\/\/www.langirtistanbul.com\/?page_id=11"},"modified":"2021-01-03T18:35:22","modified_gmt":"2021-01-03T18:35:22","slug":"hakkimizda","status":"publish","type":"page","link":"https:\/\/www.langirtistanbul.com\/index.php\/hakkimizda\/","title":{"rendered":"\u0130stanbul langirt fabrikas\u0131"},"content":{"rendered":"\n<h2 class=\"wp-block-heading\">\u0130stanbul Langirt<\/h2>\n\n\n\n<p>\u0130stanbul lang\u0131rt masalar\u0131 fabrikas\u0131 \u00fcretim merkezi<\/p>\n\n\n\n<p>\u0130stanbul Ev tipi lang\u0131rt, ofis tipi lang\u0131rt, tenis masas\u0131 bilardo masas\u0131, atari makinesi ticari oyun makineleri  jetonlu paral\u0131 \u00fcretim  toptan perakende sat\u0131\u015f  <\/p>\n\n\n\n<p>02163204896<\/p>\n\n\n\n<p>05325471301<\/p>\n\n\n\n<p><\/p>\n","protected":false},"excerpt":{"rendered":"<p>\u0130stanbul Langirt \u0130stanbul lang\u0131rt masalar\u0131 fabrikas\u0131 \u00fcretim merkezi \u0130stanbul Ev tipi lang\u0131rt, ofis tipi lang\u0131rt, tenis masas\u0131 bilardo masas\u0131, atari makinesi ticari oyun makineleri jetonlu paral\u0131 \u00fcretim toptan perakende sat\u0131\u015f 02163204896 05325471301<\/p>\n","protected":false},"author":1,"featured_media":181,"parent":0,"menu_order":0,"comment_status":"closed","ping_status":"closed","template":"","meta":{"footnotes":""},"class_list":["post-11","page","type-page","status-publish","has-post-thumbnail","hentry"],"jetpack_sharing_enabled":true,"_links":{"self":[{"href":"https:\/\/www.langirtistanbul.com\/index.php\/wp-json\/wp\/v2\/pages\/11","targetHints":{"allow":["GET"]}}],"collection":[{"href":"https:\/\/www.langirtistanbul.com\/index.php\/wp-json\/wp\/v2\/pages"}],"about":[{"href":"https:\/\/www.langirtistanbul.com\/index.php\/wp-json\/wp\/v2\/types\/page"}],"author":[{"embeddable":true,"href":"https:\/\/www.langirtistanbul.com\/index.php\/wp-json\/wp\/v2\/users\/1"}],"replies":[{"embeddable":true,"href":"https:\/\/www.langirtistanbul.com\/index.php\/wp-json\/wp\/v2\/comments?post=11"}],"version-history":[{"count":5,"href":"https:\/\/www.langirtistanbul.com\/index.php\/wp-json\/wp\/v2\/pages\/11\/revisions"}],"predecessor-version":[{"id":278,"href":"https:\/\/www.langirtistanbul.com\/index.php\/wp-json\/wp\/v2\/pages\/11\/revisions\/278"}],"wp:featuredmedia":[{"embeddable":true,"href":"https:\/\/www.langirtistanbul.com\/index.php\/wp-json\/wp\/v2\/media\/181"}],"wp:attachment":[{"href":"https:\/\/www.langirtistanbul.com\/index.php\/wp-json\/wp\/v2\/media?parent=11"}],"curies":[{"name":"wp","href":"https:\/\/api.w.org\/{rel}","templated":true}]}}