{"id":16,"date":"2021-01-02T07:50:19","date_gmt":"2021-01-02T07:50:19","guid":{"rendered":"http:\/\/www.langirtistanbul.com\/?page_id=16"},"modified":"2021-01-07T17:02:39","modified_gmt":"2021-01-07T17:02:39","slug":"yeni-umoma-kapilarini-aciyor-2","status":"publish","type":"page","link":"https:\/\/www.langirtistanbul.com\/","title":{"rendered":"\u0130stanbul Langirt masalar\u0131 lang\u0131rt \u0130stanbul ev  ve  ofisinizde keyifli oyun i\u00e7in istanbul lang\u0131rt"},"content":{"rendered":"\n<div class=\"wp-block-columns alignwide is-layout-flex wp-container-core-columns-is-layout-9d6595d7 wp-block-columns-is-layout-flex\">\n<div class=\"wp-block-column is-layout-flow wp-block-column-is-layout-flow\">\n<div class=\"wp-block-group\"><div class=\"wp-block-group__inner-container is-layout-flow wp-block-group-is-layout-flow\">\n<figure class=\"wp-block-image size-large is-resized\"><img data-recalc-dims=\"1\" loading=\"lazy\" decoding=\"async\" src=\"https:\/\/i0.wp.com\/www.langirtistanbul.com\/wp-content\/uploads\/2021\/01\/luks-ozel-tasarim-langirt-masasi-3-1.jpg?resize=576%2C504\" alt=\"\" class=\"wp-image-67\" width=\"576\" height=\"504\" srcset=\"https:\/\/i0.wp.com\/www.langirtistanbul.com\/wp-content\/uploads\/2021\/01\/luks-ozel-tasarim-langirt-masasi-3-1.jpg?resize=1024%2C898&amp;ssl=1 1024w, https:\/\/i0.wp.com\/www.langirtistanbul.com\/wp-content\/uploads\/2021\/01\/luks-ozel-tasarim-langirt-masasi-3-1.jpg?resize=300%2C263&amp;ssl=1 300w, https:\/\/i0.wp.com\/www.langirtistanbul.com\/wp-content\/uploads\/2021\/01\/luks-ozel-tasarim-langirt-masasi-3-1.jpg?resize=768%2C673&amp;ssl=1 768w, https:\/\/i0.wp.com\/www.langirtistanbul.com\/wp-content\/uploads\/2021\/01\/luks-ozel-tasarim-langirt-masasi-3-1.jpg?resize=1200%2C1052&amp;ssl=1 1200w, https:\/\/i0.wp.com\/www.langirtistanbul.com\/wp-content\/uploads\/2021\/01\/luks-ozel-tasarim-langirt-masasi-3-1.jpg?w=1218&amp;ssl=1 1218w\" sizes=\"auto, (max-width: 576px) 100vw, 576px\" \/><\/figure>\n\n\n\n<h3 class=\"wp-block-heading\">Ev Tipi Langirt Masas\u0131 <\/h3>\n\n\n\n<p>istanbul langirt Ev T\u0130pi Langirt Masas\u0131 \u00c7esitleri <\/p>\n\n\n\n<div class=\"wp-block-button is-style-outline is-style-outline--2\"><a class=\"wp-block-button__link\" href=\"https:\/\/langirtin.com\/index.php?route=product\/category&amp;path=61\">Devam\u0131<\/a><\/div>\n<\/div><\/div>\n\n\n\n<div class=\"wp-block-group\"><div class=\"wp-block-group__inner-container is-layout-flow wp-block-group-is-layout-flow\">\n<figure class=\"wp-block-image alignfull size-large\"><img data-recalc-dims=\"1\" loading=\"lazy\" decoding=\"async\" width=\"372\" height=\"497\" src=\"https:\/\/i0.wp.com\/www.langirtistanbul.com\/wp-content\/uploads\/2021\/01\/tasarim-luks-dizayn-langirt-masasi-ozel-1.jpg?resize=372%2C497\" alt=\"\" class=\"wp-image-64\" srcset=\"https:\/\/i0.wp.com\/www.langirtistanbul.com\/wp-content\/uploads\/2021\/01\/tasarim-luks-dizayn-langirt-masasi-ozel-1.jpg?w=372&amp;ssl=1 372w, https:\/\/i0.wp.com\/www.langirtistanbul.com\/wp-content\/uploads\/2021\/01\/tasarim-luks-dizayn-langirt-masasi-ozel-1.jpg?resize=225%2C300&amp;ssl=1 225w\" sizes=\"auto, (max-width: 372px) 100vw, 372px\" \/><\/figure>\n\n\n\n<h3 class=\"wp-block-heading\"> Tasar\u0131m Lang\u0131rt <\/h3>\n\n\n\n<p> Tasar\u0131m lang\u0131rt l\u00fcks \u00f6zel dizayn lang\u0131rt masas\u0131 \u00fcretim at\u00f6lyesi <\/p>\n\n\n\n<div class=\"wp-block-button is-style-outline is-style-outline--3\"><a class=\"wp-block-button__link\" href=\"https:\/\/langirtin.com\/index.php?route=common\/home\">Devam\u0131<\/a><\/div>\n<\/div><\/div>\n<\/div>\n\n\n\n<div class=\"wp-block-column is-layout-flow wp-block-column-is-layout-flow\">\n<div class=\"wp-block-group\"><div class=\"wp-block-group__inner-container is-layout-flow wp-block-group-is-layout-flow\">\n<figure class=\"wp-block-image size-large is-resized\"><img data-recalc-dims=\"1\" loading=\"lazy\" decoding=\"async\" src=\"https:\/\/i0.wp.com\/www.langirtistanbul.com\/wp-content\/uploads\/2021\/01\/ev-ofis-tipi-langirt-free-masasi.jpg?resize=504%2C504\" alt=\"\" class=\"wp-image-66\" width=\"504\" height=\"504\" srcset=\"https:\/\/i0.wp.com\/www.langirtistanbul.com\/wp-content\/uploads\/2021\/01\/ev-ofis-tipi-langirt-free-masasi.jpg?w=574&amp;ssl=1 574w, https:\/\/i0.wp.com\/www.langirtistanbul.com\/wp-content\/uploads\/2021\/01\/ev-ofis-tipi-langirt-free-masasi.jpg?resize=300%2C300&amp;ssl=1 300w, https:\/\/i0.wp.com\/www.langirtistanbul.com\/wp-content\/uploads\/2021\/01\/ev-ofis-tipi-langirt-free-masasi.jpg?resize=150%2C150&amp;ssl=1 150w\" sizes=\"auto, (max-width: 504px) 100vw, 504px\" \/><\/figure>\n\n\n\n<h3 class=\"wp-block-heading\">Ofis Langirt Masas\u0131 <\/h3>\n\n\n\n<p>\u0130stanbul langirt Ev T\u0130pi Langirt Masas\u0131 \u00c7esitleri i\u00e7in <\/p>\n\n\n\n<div class=\"wp-block-button is-style-outline is-style-outline--4\"><a class=\"wp-block-button__link\" href=\"https:\/\/langirtin.com\/index.php?route=product\/category&amp;path=61\">Devam\u0131<\/a><\/div>\n<\/div><\/div>\n\n\n\n<div class=\"wp-block-group\"><div class=\"wp-block-group__inner-container is-layout-flow wp-block-group-is-layout-flow\">\n<figure class=\"wp-block-image size-large is-resized\"><img data-recalc-dims=\"1\" loading=\"lazy\" decoding=\"async\" src=\"https:\/\/i0.wp.com\/www.langirtistanbul.com\/wp-content\/uploads\/2021\/01\/istanbul-langirt-kapali-devre-ticari-langirt-otomatik-Kopya.jpg?resize=539%2C780\" alt=\"\" class=\"wp-image-71\" width=\"539\" height=\"780\" srcset=\"https:\/\/i0.wp.com\/www.langirtistanbul.com\/wp-content\/uploads\/2021\/01\/istanbul-langirt-kapali-devre-ticari-langirt-otomatik-Kopya.jpg?w=437&amp;ssl=1 437w, https:\/\/i0.wp.com\/www.langirtistanbul.com\/wp-content\/uploads\/2021\/01\/istanbul-langirt-kapali-devre-ticari-langirt-otomatik-Kopya.jpg?resize=207%2C300&amp;ssl=1 207w\" sizes=\"auto, (max-width: 539px) 100vw, 539px\" \/><\/figure>\n\n\n\n<h3 class=\"wp-block-heading\">Ticari Paral\u0131 Jetonlu Lang\u0131rt <\/h3>\n\n\n\n<p>\u0130stanbul Ticari langirt  Paral\u0131 Jetonlu Lang\u0131rt Masalar\u0131 \u00fcretim toptan Perakende sat\u0131\u015f <\/p>\n\n\n\n<p><\/p>\n\n\n\n<div class=\"wp-block-button is-style-outline is-style-outline--5\"><a class=\"wp-block-button__link\" href=\"https:\/\/langirtin.com\/index.php?route=product\/category&amp;path=62\">Devam\u0131<\/a><\/div>\n<\/div><\/div>\n<\/div>\n<\/div>\n\n\n\n<div class=\"wp-block-group alignwide\"><div class=\"wp-block-group__inner-container is-layout-flow wp-block-group-is-layout-flow\">\n<h2 class=\"has-text-align-center has-accent-color has-text-color wp-block-heading\">\u201cKi\u015fiye \u00d6zel \u00dcretim tasar\u0131m l\u00fcks langirt masalar\u0131      \u00c7izim \u00fczerine projelendirme \u00fcretim tasar\u0131m dizayn l\u00fcks langirt masas\u0131 ve bilardo, tenis masas\u0131, satran\u00e7  \u201d<\/h2>\n\n\n\n<p><\/p>\n<\/div><\/div>\n\n\n\n<p id=\"block-0a9a85af-2df5-4b00-a2bf-d1d56257cc72\"><br>Tasarim langirt masalar\u0131 \u00f6zel tasar\u0131m olarak tasarlan\u0131p langirt oyununda l\u00fcks dokunu\u015fla sira di\u015fi oyun keyfi ya\u015fam\u0131n\u0131z\u0131 saglar<\/p>\n\n\n\n<p id=\"block-b52d1f61-d666-4440-bbd6-182865df69f4\">\u00d6zel tasar\u0131m lang\u0131rt minimal, Retro, vintage, Messing, marble , cam, malzemeler kullanarak \u00fcretilir tamamen ki\u015file\u015ftirilebilir<\/p>\n\n\n\n<p id=\"block-52923caf-86f4-41d3-af0f-a60f3d732dd2\">T\u00fcrkiye tasar\u0131m langirt ilk olarak By Trio taraf\u0131ndan \u00fcretilmi\u015ftir<\/p>\n\n\n\n<p id=\"block-8aa18bde-cd27-401d-8fac-3f8805617c1d\">Tasar\u0131m langirt \u00fcretim S\u00fcreci<\/p>\n\n\n\n<p id=\"block-13aa6866-2b38-4625-ba4c-36f0fa13909f\">Model belirleme<\/p>\n\n\n\n<p id=\"block-3965df06-e538-4cee-b00c-d1b00743beb6\">Projelendirme<\/p>\n\n\n\n<p id=\"block-fa03c1a1-f727-4b60-84f7-8c54f78d1ded\">\u00c7izim<\/p>\n\n\n\n<p id=\"block-ed8b976b-7183-4ce9-8090-1e27624776e9\">\u00dcretim &#8230;<\/p>\n\n\n\n<figure class=\"wp-block-gallery alignwide columns-2 is-cropped wp-block-gallery-6 is-layout-flex wp-block-gallery-is-layout-flex\"><ul class=\"blocks-gallery-grid\"><li class=\"blocks-gallery-item\"><figure><img data-recalc-dims=\"1\" loading=\"lazy\" decoding=\"async\" width=\"500\" height=\"581\" src=\"https:\/\/i0.wp.com\/www.langirtistanbul.com\/wp-content\/uploads\/2021\/01\/IMG_8942.jpg?resize=500%2C581\" alt=\"\" data-id=\"59\" data-full-url=\"http:\/\/www.langirtistanbul.com\/wp-content\/uploads\/2021\/01\/IMG_8942.jpg\" data-link=\"http:\/\/www.langirtistanbul.com\/index.php\/yeni-umoma-kapilarini-aciyor-2\/img_8942\/\" class=\"wp-image-59\" srcset=\"https:\/\/i0.wp.com\/www.langirtistanbul.com\/wp-content\/uploads\/2021\/01\/IMG_8942.jpg?w=500&amp;ssl=1 500w, https:\/\/i0.wp.com\/www.langirtistanbul.com\/wp-content\/uploads\/2021\/01\/IMG_8942.jpg?resize=258%2C300&amp;ssl=1 258w\" sizes=\"auto, (max-width: 500px) 100vw, 500px\" \/><figcaption class=\"blocks-gallery-item__caption\">RETRO TASARIM LANG\u0130RT <\/figcaption><\/figure><\/li><li class=\"blocks-gallery-item\"><figure><img data-recalc-dims=\"1\" loading=\"lazy\" decoding=\"async\" width=\"580\" height=\"326\" src=\"https:\/\/i0.wp.com\/www.langirtistanbul.com\/wp-content\/uploads\/2021\/01\/tasarim-langirt-masasi-luks-dizayn-lux-bilardo-masasi-ozel-satarnc-tenis-59.jpg?resize=580%2C326\" alt=\"\" data-id=\"193\" data-full-url=\"http:\/\/www.langirtistanbul.com\/wp-content\/uploads\/2021\/01\/tasarim-langirt-masasi-luks-dizayn-lux-bilardo-masasi-ozel-satarnc-tenis-59.jpg\" data-link=\"http:\/\/www.langirtistanbul.com\/index.php\/yeni-umoma-kapilarini-aciyor-2\/tasarim-langirt-masasi-luks-dizayn-lux-bilardo-masasi-ozel-satarnc-tenis-59\/\" class=\"wp-image-193\" srcset=\"https:\/\/i0.wp.com\/www.langirtistanbul.com\/wp-content\/uploads\/2021\/01\/tasarim-langirt-masasi-luks-dizayn-lux-bilardo-masasi-ozel-satarnc-tenis-59.jpg?resize=1024%2C576&amp;ssl=1 1024w, https:\/\/i0.wp.com\/www.langirtistanbul.com\/wp-content\/uploads\/2021\/01\/tasarim-langirt-masasi-luks-dizayn-lux-bilardo-masasi-ozel-satarnc-tenis-59.jpg?resize=300%2C169&amp;ssl=1 300w, https:\/\/i0.wp.com\/www.langirtistanbul.com\/wp-content\/uploads\/2021\/01\/tasarim-langirt-masasi-luks-dizayn-lux-bilardo-masasi-ozel-satarnc-tenis-59.jpg?resize=768%2C432&amp;ssl=1 768w, https:\/\/i0.wp.com\/www.langirtistanbul.com\/wp-content\/uploads\/2021\/01\/tasarim-langirt-masasi-luks-dizayn-lux-bilardo-masasi-ozel-satarnc-tenis-59.jpg?resize=1536%2C864&amp;ssl=1 1536w, https:\/\/i0.wp.com\/www.langirtistanbul.com\/wp-content\/uploads\/2021\/01\/tasarim-langirt-masasi-luks-dizayn-lux-bilardo-masasi-ozel-satarnc-tenis-59.jpg?resize=1200%2C675&amp;ssl=1 1200w, https:\/\/i0.wp.com\/www.langirtistanbul.com\/wp-content\/uploads\/2021\/01\/tasarim-langirt-masasi-luks-dizayn-lux-bilardo-masasi-ozel-satarnc-tenis-59.jpg?w=1600&amp;ssl=1 1600w\" sizes=\"auto, (max-width: 580px) 100vw, 580px\" \/><figcaption class=\"blocks-gallery-item__caption\">TASARIM LANG\u0130RT <\/figcaption><\/figure><\/li><\/ul><\/figure>\n","protected":false},"excerpt":{"rendered":"<p>Ev Tipi Langirt Masas\u0131 istanbul langirt Ev T\u0130pi Langirt Masas\u0131 \u00c7esitleri Tasar\u0131m Lang\u0131rt Tasar\u0131m lang\u0131rt l\u00fcks \u00f6zel dizayn lang\u0131rt masas\u0131 \u00fcretim at\u00f6lyesi Ofis Langirt Masas\u0131 \u0130stanbul langirt Ev T\u0130pi Langirt Masas\u0131 \u00c7esitleri i\u00e7in Ticari Paral\u0131 Jetonlu Lang\u0131rt \u0130stanbul Ticari langirt Paral\u0131 Jetonlu Lang\u0131rt Masalar\u0131 \u00fcretim toptan Perakende sat\u0131\u015f \u201cKi\u015fiye \u00d6zel \u00dcretim tasar\u0131m l\u00fcks langirt masalar\u0131 [&hellip;]<\/p>\n","protected":false},"author":1,"featured_media":190,"parent":0,"menu_order":0,"comment_status":"closed","ping_status":"closed","template":"","meta":{"footnotes":""},"class_list":["post-16","page","type-page","status-publish","has-post-thumbnail","hentry"],"jetpack_sharing_enabled":true,"_links":{"self":[{"href":"https:\/\/www.langirtistanbul.com\/index.php\/wp-json\/wp\/v2\/pages\/16","targetHints":{"allow":["GET"]}}],"collection":[{"href":"https:\/\/www.langirtistanbul.com\/index.php\/wp-json\/wp\/v2\/pages"}],"about":[{"href":"https:\/\/www.langirtistanbul.com\/index.php\/wp-json\/wp\/v2\/types\/page"}],"author":[{"embeddable":true,"href":"https:\/\/www.langirtistanbul.com\/index.php\/wp-json\/wp\/v2\/users\/1"}],"replies":[{"embeddable":true,"href":"https:\/\/www.langirtistanbul.com\/index.php\/wp-json\/wp\/v2\/comments?post=16"}],"version-history":[{"count":20,"href":"https:\/\/www.langirtistanbul.com\/index.php\/wp-json\/wp\/v2\/pages\/16\/revisions"}],"predecessor-version":[{"id":288,"href":"https:\/\/www.langirtistanbul.com\/index.php\/wp-json\/wp\/v2\/pages\/16\/revisions\/288"}],"wp:featuredmedia":[{"embeddable":true,"href":"https:\/\/www.langirtistanbul.com\/index.php\/wp-json\/wp\/v2\/media\/190"}],"wp:attachment":[{"href":"https:\/\/www.langirtistanbul.com\/index.php\/wp-json\/wp\/v2\/media?parent=16"}],"curies":[{"name":"wp","href":"https:\/\/api.w.org\/{rel}","templated":true}]}}