{"id":225,"date":"2021-01-03T16:31:15","date_gmt":"2021-01-03T16:31:15","guid":{"rendered":"http:\/\/www.langirtistanbul.com\/?page_id=225"},"modified":"2021-01-03T16:37:42","modified_gmt":"2021-01-03T16:37:42","slug":"referanslar","status":"publish","type":"page","link":"https:\/\/www.langirtistanbul.com\/index.php\/referanslar\/","title":{"rendered":"REFERANSLAR"},"content":{"rendered":"\n<p>KURUMSAL F\u0130RMALARININ, KURUMLARIN, \u00dcNL\u00dc \u0130S\u0130MLER\u0130N\u00a0      TERC\u0130H\u0130 OLMAKTAN MUTLULUK DUYUYORUZ\u00a0<\/p>\n\n\n\n<p><strong>RESM\u0130 KURUMLAR&nbsp;<\/strong><\/p>\n\n\n\n<p>GAZ\u0130ANTEP B\u00dcY\u00dcK\u015eEH\u0130R BELED\u0130YES\u0130&nbsp;<\/p>\n\n\n\n<p>SPOR BAKANLI\u011e\u0130 \u0130L SPOR M\u00dcD\u00dcRL\u00dcG\u00dc&nbsp;<\/p>\n\n\n\n<p>ANKARA G\u00dcD\u00dcL BELED\u0130YES\u0130&nbsp;&nbsp;<\/p>\n\n\n\n<p>AYBAST\u0130 KAYMAKAML\u0130G\u0130&nbsp;<\/p>\n\n\n\n<p>B\u0130TL\u0130S BELED\u0130YES\u0130&nbsp;<\/p>\n\n\n\n<p>MENTE\u015eE \u00d6GRETMEN EV\u0130<\/p>\n\n\n\n<p><strong>ASKER\u0130 KURUMLAR&nbsp;<\/strong><\/p>\n\n\n\n<p>GENEL KURMAY HAVA KUVVETLER\u0130 KONTANL\u0130G\u0130&nbsp;<\/p>\n\n\n\n<p>1.HUDUT &nbsp;TABUR&nbsp; KOMTANLI\u011eI &nbsp;YARBAY MESUT DURSUN K\u0130SLA\u015e\u0130 ESENDER<\/p>\n\n\n\n<p>AMASYA ASKER\u0130 GAZ\u0130NO<\/p>\n\n\n\n<p>DEN\u0130Z ER E\u011eT.ALAY KOM.KANT\u0130N BA\u015eKANLI\u011eI<\/p>\n\n\n\n<p><strong>OKULLAR KOLEJLER&nbsp;\u00dcN\u0130VERS\u0130TELER<\/strong><\/p>\n\n\n\n<p>BODRUM YA\u015eAM \u00d6ZEL EG\u0130T\u0130M<\/p>\n\n\n\n<p>TRAKYA \u00dcN\u0130VERTES\u0130<\/p>\n\n\n\n<p>AYD\u0130N \u00dcN\u0130VERTES\u0130<\/p>\n\n\n\n<p>SEL\u00c7\u00dcK \u00dcN\u0130VERTES\u0130<\/p>\n\n\n\n<p>BOGAZ\u0130\u00c7\u0130 \u00dcN\u0130VERTES\u0130<\/p>\n\n\n\n<p>B\u0130LFEN OKULLARI&nbsp;<\/p>\n\n\n\n<p>MEKTEB\u0130M OKULLARI<\/p>\n\n\n\n<p>B\u0130REY KOLEJ\u0130<\/p>\n\n\n\n<p>A\u00c7\u0130 KOLEJ\u0130<\/p>\n\n\n\n<p>OSMAN\u0130YE \u0130BN\u0130S\u0130NA TEKN\u0130K MESLEK L\u0130SES\u0130<\/p>\n\n\n\n<p>KENT \u00dcN\u0130VERS\u0130TES\u0130<\/p>\n\n\n\n<p>BURAK BORA ANADOLU L\u0130SES\u0130<\/p>\n\n\n\n<p>CEB\u0130R OKULLARI<\/p>\n\n\n\n<p>G\u00d6ZTEPE MUZAFFER ANADOLU L\u0130SES\u0130<\/p>\n\n\n\n<p>DO\u011eA KOLEJ\u0130<\/p>\n\n\n\n<p>\u00d6ZEL \u0130DEM BA\u015eAKSEH\u0130R&nbsp;<\/p>\n\n\n\n<p>MERHALE EG\u0130T\u0130M KAD\u0130K\u00d6Y<\/p>\n\n\n\n<p>BAGLUM \u0130\u0130L\u0130M YAMA VE EG\u0130T\u0130M<\/p>\n\n\n\n<p>CANKAYA \u0130MKB OTELC\u0130L\u0130K VE TRUZ\u0130M MESLEK L\u0130SES<\/p>\n\n\n\n<p><strong>S\u0130TELER<\/strong><\/p>\n\n\n\n<p>MANDAR\u0130N OR\u0130ENTAL<br><br>BAT\u0130\u015eEH\u0130R S\u0130TES\u0130&nbsp;<\/p>\n\n\n\n<p>ACARKENT V\u0130LLAR\u0130&nbsp;<\/p>\n\n\n\n<p>BEYKOZ KONAKLAR\u0130&nbsp;<\/p>\n\n\n\n<p>KEMER COUNTRY EVLER<\/p>\n\n\n\n<p>BO\u011eAZKENT S\u0130TES\u0130 SAR\u0130YER&nbsp;<\/p>\n\n\n\n<p>D\u0130VA HOL\u0130DAY TAT\u0130L S\u0130TES\u0130<\/p>\n\n\n\n<p><strong>ULUSAL \u015e\u0130RKETLER<\/strong><\/p>\n\n\n\n<p>MYNET<\/p>\n\n\n\n<p>EFES P\u0130LSEN&nbsp;<\/p>\n\n\n\n<p>JOHNSON&nbsp; WAX<\/p>\n\n\n\n<p>SABANC\u0130 HOLG\u0130NG<\/p>\n\n\n\n<p>KOS\u0130FLER OTO&nbsp;<\/p>\n\n\n\n<p>LCW WAK\u0130K\u0130&nbsp;<\/p>\n\n\n\n<p>M\u0130ELE<\/p>\n\n\n\n<p>BURN&nbsp;<\/p>\n\n\n\n<p>OL\u0130PS<\/p>\n\n\n\n<p>CARLSBERG<\/p>\n\n\n\n<p>MARS G\u0130DA<\/p>\n\n\n\n<p>TREND YOL<\/p>\n\n\n\n<p>\u0130TO<\/p>\n\n\n\n<p>TEMSA<\/p>\n\n\n\n<p>PERA<\/p>\n\n\n\n<p>BEYMEN&nbsp;<\/p>\n\n\n\n<p>VAKKO<\/p>\n\n\n\n<p>\u0130PRAGAZ A\u015e&nbsp;<\/p>\n\n\n\n<p>ET\u0130 G\u00dcM\u00dc\u015e ANON\u0130M<\/p>\n\n\n\n<p>\u015eOK MARKETLER<\/p>\n\n\n\n<p>AYNES G\u0130DA<\/p>\n\n\n\n<p>EKER<\/p>\n\n\n\n<p>EM\u0130N EV\u0130M<\/p>\n\n\n\n<p>ET\u0130 G\u00dcM\u00dc\u015e ANON\u0130M \u015e\u0130RKET\u0130<\/p>\n\n\n\n<p>GUN DOGDU MOB\u0130LYA<\/p>\n\n\n\n<p>T\u00dcRK N\u0130PPON S\u0130GORTA A\u015e<\/p>\n\n\n\n<p>AL\u0130 RA\u0130F \u0130LA\u00c7 SAN A\u015e<\/p>\n\n\n\n<p>\u0130NC\u0130 ECZA DEPOSU<\/p>\n\n\n\n<p>ZE\u0130SS MED\u0130TE<\/p>\n\n\n\n<p>RACOTEC A\u015e<\/p>\n\n\n\n<p>KORMETAL&nbsp; JANT<\/p>\n\n\n\n<p>SANTA FARMA \u0130LA\u00c7 A.\u015e<\/p>\n\n\n\n<p>Z\u0130NGA MOB\u0130LYA&nbsp;<\/p>\n\n\n\n<p>MAMA V\u0130A RESTRONTLAR\u0130&nbsp;<\/p>\n\n\n\n<p>ERKOM KOMPRES\u00d6R A\u015e&nbsp;<\/p>\n\n\n\n<p>RASYO TEK \u0130NSAN KAYNAKLAR\u0130 B\u0130L\u0130\u015e\u0130M A\u015e<\/p>\n\n\n\n<p>Y\u0130LMAK&nbsp; MAK\u0130NA SAN T\u0130C A\u015e&nbsp;<\/p>\n\n\n\n<p>A 4 M\u0130MARL\u0130K SAN T\u0130C A\u015e&nbsp;<\/p>\n\n\n\n<p>AHSAP SAN A\u015e<\/p>\n\n\n\n<p>ANIL YAP\u0130 LTD \u015eT\u0130&nbsp;<\/p>\n\n\n\n<p>G\u00dcVEN GAZ LTD \u015eT\u0130&nbsp;<\/p>\n\n\n\n<p>CA TEKN\u0130K M\u00dcHEND\u0130SL\u0130K SAN T\u0130C A\u015e<\/p>\n\n\n\n<p>ENG\u0130N KA\u011eIT MAM\u00dcLLER\u0130 SANAY\u0130 VE T\u0130C.LTD.\u015eT\u0130.<\/p>\n\n\n\n<p>SON\u0130KEL ULTRASON\u0130K ELEKTRON\u0130K VE OTOMASYON SANAY\u0130 T\u0130CARET L\u0130M\u0130TED \u015e\u0130RKET\u0130<\/p>\n\n\n\n<p>BA\u015eARAN \u0130LER\u0130 TEKNOLOJ\u0130 \u00dcR\u00dcNLER\u0130 \u0130N\u015eAAT MED\u0130KAL T\u0130CARET VE SANAY\u0130 LTD.\u015eT\u0130.<\/p>\n\n\n\n<p>EUROTEC M\u00dcHEND\u0130SL\u0130KPLAST\u0130KLER\u0130 SAN.VE T\u0130C.A.\u015e.<\/p>\n\n\n\n<p>USB B\u0130LG\u0130SAYAR DANI\u015eMANLIK H\u0130ZM.SANVE T\u0130C.LTD.\u015eT\u0130<\/p>\n\n\n\n<p>THE PLANNER CO. ORG DAN\u0130\u015e VE REKLAM H\u0130ZMETLER\u0130 T\u0130C LTD \u015eT\u0130&nbsp;<\/p>\n\n\n\n<p>PORTAKAL PLAST\u0130K \u00dcRET\u0130M PAZARLAMA SAN T\u0130C A\u015e&nbsp;<\/p>\n\n\n\n<p>ANATOL\u0130A MONTENEGRS DOO<\/p>\n\n\n\n<p>\u00d6ZG\u00dcN METAL VE TEKS\u0130L SAN T\u0130C A\u015e&nbsp;<\/p>\n\n\n\n<p>DELLA G\u0130DA SANAY\u0130 A\u015e<\/p>\n\n\n\n<p>HASVET NED\u0130KAL DAN YAZ VET H\u0130Z SAN VE T\u0130C LDT \u015eT\u0130<\/p>\n\n\n\n<p>AKKAYA&nbsp; ZEM\u0130N YAP\u0130 \u0130N\u015eAAT&nbsp;<\/p>\n\n\n\n<p>NERO SAVUNMA SANAY\u0130 A\u015e&nbsp;<\/p>\n\n\n\n<p>ULUSAL LOJ\u0130ST\u0130K ANTRH\u0130ZM.DI\u015e T\u0130C.LTD.\u015eT\u0130<\/p>\n\n\n\n<p>2 AKT\u0130F \u0130N\u015eAAT ELEKTR\u0130K G\u00dcVENL\u0130K S\u0130STEMLER\u0130<\/p>\n\n\n\n<p>SML ET\u0130KET VE AKSESUAR PAZARLAMA SANAY\u0130<\/p>\n\n\n\n<p>KANSUK LABORATUAR SANAY\u0130 VE T\u0130C A\u015e<\/p>\n\n\n\n<p>TOPTAN CANERKEK \u0130N\u015e.GIDA SPOR G\u0130Y\u0130M SAN.VE T\u0130C.LTD.\u015eT\u0130.<\/p>\n\n\n\n<p>EUROTEC M\u00dcHEND\u0130SL\u0130KPLAST\u0130KLER\u0130 SAN.VE T\u0130C.A.\u015e.<\/p>\n\n\n\n<p>ENG\u0130N KA\u011eIT MAM\u00dcLLER\u0130 SANAY\u0130 VE T\u0130C.LTD.\u015eT\u0130.<\/p>\n\n\n\n<p>DORUKAY ET\u0130KET MATBA AKSESUAR SAN D\u0130\u015e T\u0130C LTD \u015eT\u0130<\/p>\n\n\n\n<p>GREEN ELEKTRON\u0130K H\u0130ZMETLER\u0130 A\u015e<\/p>\n\n\n\n<p>PULSE \u0130STANBUL ORG DAN\u0130\u015eMANLIK LTD \u015eT\u0130<\/p>\n\n\n\n<p>GENERAL \u0130\u015e GEL\u0130\u015eT\u0130RME VE D\u0130\u015e T\u0130CARET A\u015e<\/p>\n\n\n\n<p>M\u00dcH\u00dcR YEM\u0130NL\u0130 MAL\u0130 M\u00dc\u015eAV\u0130R<\/p>\n\n\n\n<p>OM KOMPOZ\u0130T K\u0130MYA<\/p>\n\n\n\n<p>R VENT MED\u0130KAL \u00dcRET\u0130M A\u015e<\/p>\n\n\n\n<p>DORUKAY ET\u0130KET MATBAA<\/p>\n\n\n\n<p>KARA Y\u0130LD\u0130Z TA\u015e\u0130MAC\u0130L\u0130K \u0130N\u015eAAT<\/p>\n\n\n\n<p>MAYA G\u0130DA SANAY\u0130<\/p>\n\n\n\n<p>AYD\u0130N AYD\u0130N AVUKATL\u0130K ORTAKL\u0130G\u0130 HUKUK<\/p>\n\n\n\n<p>CASUALMONSTER \u0130NTERAKT\u0130F OYUN H\u0130ZMETLER\u0130 ANON\u0130M \u015e\u0130RKET\u0130<\/p>\n\n\n\n<p><strong>F\u0130L\u0130M REKLAM&nbsp; PROD\u00dcKS\u0130YON<\/strong><\/p>\n\n\n\n<p>PTOT F\u0130L\u0130M AYP\u0130M A\u015e&nbsp;<\/p>\n\n\n\n<p>NOR F\u0130L\u0130M PROD\u0130KS\u0130YON A\u015e<\/p>\n\n\n\n<p>BORGAN TRUZ\u0130M REKLAM PROD\u00dcKS\u0130YON<\/p>\n\n\n\n<p>THE PLANNER CO. ORG DAN\u0130\u015e VE REKLAM H\u0130ZMETLER\u0130<\/p>\n\n\n\n<p><strong>M\u0130MARL\u0130K TASAR\u0130M&nbsp;<\/strong><\/p>\n\n\n\n<p>DER\u0130N YAP\u0130 M\u0130MARL\u0130K<\/p>\n\n\n\n<p>DE TASAR\u0130M A\u015e&nbsp;<\/p>\n\n\n\n<p>BEYSUN MERT&nbsp; M\u0130MARL\u0130K<\/p>\n\n\n\n<p>EK\u015e\u0130OGLU TR\u0130A \u0130N\u015eAAT A\u015e&nbsp;<\/p>\n\n\n\n<p>METUR YAP\u0130<\/p>\n\n\n\n<p>BABACAN PERM\u0130UM<\/p>\n\n\n\n<p>\u0130\u00c7 ART YAP\u0130 \u0130N\u015e SAN T\u0130C LTD<\/p>\n\n\n\n<p>F\u0130L\u0130Z ERTEK<\/p>\n\n\n\n<p><strong>SPOR SALONLAR\u0130<\/strong><\/p>\n\n\n\n<p>ORJ\u0130N SPOR<\/p>\n\n\n\n<p><strong>HASTANELER<\/strong><\/p>\n\n\n\n<p>AMATEM HASTANES\u0130&nbsp;<\/p>\n\n\n\n<p>MED\u0130CANA HASTANES\u0130<\/p>\n\n\n\n<p>BAK\u0130RK\u00d6Y DEVLET HASTANES\u0130<\/p>\n\n\n\n<p><strong>SPOR F\u0130RMLAR\u0130<\/strong><\/p>\n\n\n\n<p>BNB PAZARLAMA VE \u0130LAT\u0130\u015e\u0130M H\u0130Z T\u0130C LTD \u015eT\u0130&nbsp;<\/p>\n\n\n\n<p>DAMATO\u011eLU SPORT CENTER&nbsp;<\/p>\n\n\n\n<p>AS\u0130M SPOR LTD ST\u0130<\/p>\n\n\n\n<p>ANKA SPOR MALZEMLER\u0130<\/p>\n\n\n\n<p>&nbsp;ATLAS OKUL GERE\u00c7LER\u0130VE<\/p>\n\n\n\n<p>ALTUNAY SPOR<\/p>\n\n\n\n<p><strong>BANKALAR<\/strong><\/p>\n\n\n\n<p>GARANT\u0130 BANKAS\u0130<\/p>\n\n\n\n<p>TEB BANKAS\u0130<\/p>\n\n\n\n<p><strong>OTELLER<\/strong><\/p>\n\n\n\n<p>GRAND YAZICI &nbsp;MARMAR\u0130S<\/p>\n\n\n\n<p>MANDAR\u0130N OR\u0130ENTAL<\/p>\n\n\n\n<p>GRAND EY\u00dcPO\u011eLU OTEL&nbsp;<\/p>\n\n\n\n<p>AYD\u0130N KAPLANKAYA OTEL<\/p>\n\n\n\n<p>VOYAGE OTEL&nbsp;<\/p>\n\n\n\n<p>MAXX ROYAL OTEL<\/p>\n\n\n\n<p>R\u0130XOS<\/p>\n\n\n\n<p>D\u0130D\u0130M MY EDEN&nbsp;<\/p>\n\n\n\n<p><strong>CELEBR\u0130TY<\/strong><\/p>\n\n\n\n<p>CEM Y\u0130LMAZ&nbsp;<\/p>\n\n\n\n<p>FERNANDO MUSLERA<\/p>\n\n\n\n<p>BERKAY \u015eAH\u0130N&nbsp; &nbsp;<\/p>\n\n\n\n<p>CEM&nbsp; HAKKO<\/p>\n\n\n\n<p>Y\u0130\u011e\u0130T&nbsp;BULUT<\/p>\n\n\n\n<p>OSMAN DURMAZ<\/p>\n\n\n\n<p>HAKAN KOS\u0130F&nbsp;<\/p>\n\n\n\n<p>SERKAN YAZICI&nbsp;<\/p>\n","protected":false},"excerpt":{"rendered":"<p>KURUMSAL F\u0130RMALARININ, KURUMLARIN, \u00dcNL\u00dc \u0130S\u0130MLER\u0130N\u00a0 TERC\u0130H\u0130 OLMAKTAN MUTLULUK DUYUYORUZ\u00a0 RESM\u0130 KURUMLAR&nbsp; GAZ\u0130ANTEP B\u00dcY\u00dcK\u015eEH\u0130R BELED\u0130YES\u0130&nbsp; SPOR BAKANLI\u011e\u0130 \u0130L SPOR M\u00dcD\u00dcRL\u00dcG\u00dc&nbsp; ANKARA G\u00dcD\u00dcL BELED\u0130YES\u0130&nbsp;&nbsp; AYBAST\u0130 KAYMAKAML\u0130G\u0130&nbsp; B\u0130TL\u0130S BELED\u0130YES\u0130&nbsp; MENTE\u015eE \u00d6GRETMEN EV\u0130 ASKER\u0130 KURUMLAR&nbsp; GENEL KURMAY HAVA KUVVETLER\u0130 KONTANL\u0130G\u0130&nbsp; 1.HUDUT &nbsp;TABUR&nbsp; KOMTANLI\u011eI &nbsp;YARBAY MESUT DURSUN K\u0130SLA\u015e\u0130 ESENDER AMASYA ASKER\u0130 GAZ\u0130NO DEN\u0130Z ER E\u011eT.ALAY KOM.KANT\u0130N BA\u015eKANLI\u011eI OKULLAR KOLEJLER&nbsp;\u00dcN\u0130VERS\u0130TELER BODRUM [&hellip;]<\/p>\n","protected":false},"author":1,"featured_media":0,"parent":0,"menu_order":0,"comment_status":"closed","ping_status":"closed","template":"","meta":{"footnotes":""},"class_list":["post-225","page","type-page","status-publish","hentry"],"jetpack_sharing_enabled":true,"_links":{"self":[{"href":"https:\/\/www.langirtistanbul.com\/index.php\/wp-json\/wp\/v2\/pages\/225","targetHints":{"allow":["GET"]}}],"collection":[{"href":"https:\/\/www.langirtistanbul.com\/index.php\/wp-json\/wp\/v2\/pages"}],"about":[{"href":"https:\/\/www.langirtistanbul.com\/index.php\/wp-json\/wp\/v2\/types\/page"}],"author":[{"embeddable":true,"href":"https:\/\/www.langirtistanbul.com\/index.php\/wp-json\/wp\/v2\/users\/1"}],"replies":[{"embeddable":true,"href":"https:\/\/www.langirtistanbul.com\/index.php\/wp-json\/wp\/v2\/comments?post=225"}],"version-history":[{"count":3,"href":"https:\/\/www.langirtistanbul.com\/index.php\/wp-json\/wp\/v2\/pages\/225\/revisions"}],"predecessor-version":[{"id":237,"href":"https:\/\/www.langirtistanbul.com\/index.php\/wp-json\/wp\/v2\/pages\/225\/revisions\/237"}],"wp:attachment":[{"href":"https:\/\/www.langirtistanbul.com\/index.php\/wp-json\/wp\/v2\/media?parent=225"}],"curies":[{"name":"wp","href":"https:\/\/api.w.org\/{rel}","templated":true}]}}