{"id":292,"date":"2021-10-18T20:29:09","date_gmt":"2021-10-18T20:29:09","guid":{"rendered":"http:\/\/www.langirtistanbul.com\/?page_id=292"},"modified":"2021-10-18T20:55:37","modified_gmt":"2021-10-18T20:55:37","slug":"cam-langirt","status":"publish","type":"page","link":"https:\/\/www.langirtistanbul.com\/index.php\/cam-langirt\/","title":{"rendered":"CAM LANGIRT"},"content":{"rendered":"\n<p>Cam \u015feffaf lang\u0131rt masas\u0131<\/p>\n\n\n\n<p>%50 Metal,%50 Cam<\/p>\n\n\n\n<p>Abd\u2019den \u0130htak Extra Clear Cam\u2019dan \u00fcretilip k\u0131r\u0131lmamas\u0131 i\u00e7in i\u015flem uygulanm\u0131\u015ft\u0131r<\/p>\n\n\n\n<p>Saha zemini ithal f\u00fcme camdan \u00fcretilmi\u015ftir, k\u0131r\u0131lmamas\u0131 i\u00e7in i\u015flem uygulanm\u0131\u015ft\u0131r<\/p>\n\n\n\n<p>Oyuncular ve elcikler krom ve black nikeldir<\/p>\n\n\n\n<p>Say\u0131 boncuklar\u0131 ve cam ba\u011flant\u0131lar\u0131 saf kromdur<\/p>\n\n\n\n<p>Kaleler el yap\u0131m\u0131 el \u00f6rg\u00fcs\u00fc ham madde olarak \u00fcretilmi\u015ftir<\/p>\n\n\n\n<p>Kaleler opsiyoneldir, spor ve klasik olarak iki farkli se\u00e7enek mevcuttur, ikisi de g\u00f6nderilecektir, tercihe g\u00f6re kullan\u0131labilir<\/p>\n\n\n\n<p>By Trio Kristal Dizayn Lang\u0131rt Masasi \u0130talya\u2019da ya\u015fam\u0131n\u0131 S\u00fcrd\u00fcren Tasarimci Aleyna Berfin Serim \u0130mzasi ta\u015f\u0131maktad\u0131r<\/p>\n\n\n\n<p>Oyun i\u00e7in kullan\u0131lan mantar toplar \u0130talya\u2019dan ithaldir, sessiz ve top hakimiyeti \u00e7ok y\u00fcksektir<\/p>\n\n\n\n<p>D\u0131\u015f \u00d6l\u00e7\u00fc: 121x110x90 cm \u2013 Oyun alan\u0131 70\u00d7119 cm<\/p>\n\n\n\n<p><\/p>\n\n\n\n<p>02163204896<\/p>\n\n\n\n<p>05325471301<\/p>\n","protected":false},"excerpt":{"rendered":"<p>Cam \u015feffaf lang\u0131rt masas\u0131 %50 Metal,%50 Cam Abd\u2019den \u0130htak Extra Clear Cam\u2019dan \u00fcretilip k\u0131r\u0131lmamas\u0131 i\u00e7in i\u015flem uygulanm\u0131\u015ft\u0131r Saha zemini ithal f\u00fcme camdan \u00fcretilmi\u015ftir, k\u0131r\u0131lmamas\u0131 i\u00e7in i\u015flem uygulanm\u0131\u015ft\u0131r Oyuncular ve elcikler krom ve black nikeldir Say\u0131 boncuklar\u0131 ve cam ba\u011flant\u0131lar\u0131 saf kromdur Kaleler el yap\u0131m\u0131 el \u00f6rg\u00fcs\u00fc ham madde olarak \u00fcretilmi\u015ftir Kaleler opsiyoneldir, spor ve klasik [&hellip;]<\/p>\n","protected":false},"author":1,"featured_media":293,"parent":0,"menu_order":0,"comment_status":"closed","ping_status":"closed","template":"","meta":{"footnotes":""},"class_list":["post-292","page","type-page","status-publish","has-post-thumbnail","hentry"],"jetpack_sharing_enabled":true,"_links":{"self":[{"href":"https:\/\/www.langirtistanbul.com\/index.php\/wp-json\/wp\/v2\/pages\/292","targetHints":{"allow":["GET"]}}],"collection":[{"href":"https:\/\/www.langirtistanbul.com\/index.php\/wp-json\/wp\/v2\/pages"}],"about":[{"href":"https:\/\/www.langirtistanbul.com\/index.php\/wp-json\/wp\/v2\/types\/page"}],"author":[{"embeddable":true,"href":"https:\/\/www.langirtistanbul.com\/index.php\/wp-json\/wp\/v2\/users\/1"}],"replies":[{"embeddable":true,"href":"https:\/\/www.langirtistanbul.com\/index.php\/wp-json\/wp\/v2\/comments?post=292"}],"version-history":[{"count":2,"href":"https:\/\/www.langirtistanbul.com\/index.php\/wp-json\/wp\/v2\/pages\/292\/revisions"}],"predecessor-version":[{"id":298,"href":"https:\/\/www.langirtistanbul.com\/index.php\/wp-json\/wp\/v2\/pages\/292\/revisions\/298"}],"wp:featuredmedia":[{"embeddable":true,"href":"https:\/\/www.langirtistanbul.com\/index.php\/wp-json\/wp\/v2\/media\/293"}],"wp:attachment":[{"href":"https:\/\/www.langirtistanbul.com\/index.php\/wp-json\/wp\/v2\/media?parent=292"}],"curies":[{"name":"wp","href":"https:\/\/api.w.org\/{rel}","templated":true}]}}